{"id":15514,"date":"2023-01-27T14:23:08","date_gmt":"2023-01-27T12:23:08","guid":{"rendered":"https:\/\/nordluv.com\/?page_id=15514"},"modified":"2024-08-26T20:45:26","modified_gmt":"2024-08-26T17:45:26","slug":"contact-us","status":"publish","type":"page","link":"https:\/\/nordluv.com\/en\/contact-us\/","title":{"rendered":"Contact"},"content":{"rendered":"<div class=\"wpb-content-wrapper\"><div  class=\"sec_row container-fluid\"><div class=\"vc_row wpb_row vc_row-fluid no-padding vc_row-o-full-height vc_row-o-columns-top vc_row-o-equal-height vc_row-o-content-top vc_row-flex\"><div class=\"wpb_column vc_column_container vc_col-sm-12 vc_col-lg-6 et-dark-column\"><div class=\"vc_column-inner\"><div class=\"wpb_wrapper\">\n\t<div class=\"wpb_raw_code wpb_raw_html wpb_content_element\" >\n\t\t<div class=\"wpb_wrapper\">\n\t\t\t<iframe src=\"https:\/\/www.google.com\/maps\/embed?pb=!1m18!1m12!1m3!1d16243.12643821659!2d24.79189299681087!3d59.40987570036433!2m3!1f0!2f0!3f0!3m2!1i1024!2i768!4f13.1!3m3!1m2!1s0x4692eb437b9ac9f7%3A0x14309a08ed60b050!2sKanali%20tee%204%2C%2010112%20Tallinn!5e0!3m2!1set!2see!4v1674824819749!5m2!1set!2see\" width=\"600\" height=\"450\" style=\"border:0;\" allowfullscreen=\"\" loading=\"lazy\" referrerpolicy=\"no-referrer-when-downgrade\"><\/iframe>\n\t\t<\/div>\n\t<\/div>\n<\/div><\/div><\/div><div class=\"wpb_column vc_column_container animation bottom-to-top vc_col-sm-12 vc_col-lg-6 et-dark-column\"><div class=\"vc_column-inner  vc_custom_1570855549259\"><div class=\"wpb_wrapper\"><div class=\"vc_row wpb_row vc_inner vc_row-fluid max_width no-padding vc_row-o-content-middle vc_row-flex\"><div class=\"wpb_column vc_column_container vc_col-sm-6 et-dark-column\"><div class=\"vc_column-inner\"><div class=\"wpb_wrapper\">\n\t<div class=\"wpb_text_column wpb_content_element   vc_custom_1695024349914\" >\n\t\t<div class=\"wpb_wrapper\">\n\t\t\t<h4>Pick up your order<\/h4>\n<p><span style=\"font-size: 12pt;\">to the Nordluv office (open by prior arrangement)<\/span><\/p>\n<h5><span style=\"font-size: 12pt;\"><img loading=\"lazy\" decoding=\"async\" class=\"\" src=\"https:\/\/cdn-icons-png.flaticon.com\/512\/2212\/2212903.png\" width=\"25\" height=\"25\" \/> <strong>Kanali tee 4, Tallinn<\/strong><\/span><\/h5>\n<p><span style=\"font-size: 12pt;\">You can easily reach us by car (free parking in front of the house) and by bus number 2 (stop Kanali tee or Kaabli).<\/span><\/p>\n<p><span style=\"font-size: 12pt;\">Navigate with the Waze app <a href=\"https:\/\/www.waze.com\/live-map\/directions\/kanali-tee-4-tallinn?to=place.w.16253522.162600757.16191404\" target=\"_blank\" rel=\"noopener\"><strong>FROM HERE<\/strong><\/a>.<\/span><\/p>\n\n\t\t<\/div>\n\t<\/div>\n<\/div><\/div><\/div><div class=\"wpb_column vc_column_container vc_col-sm-6 et-dark-column\"><div class=\"vc_column-inner\"><div class=\"wpb_wrapper\">\n\t<div class=\"wpb_text_column wpb_content_element\" >\n\t\t<div class=\"wpb_wrapper\">\n\t\t\t<h4>Stay in touch<\/h4>\n<p><span style=\"font-size: 12pt;\"><img loading=\"lazy\" decoding=\"async\" class=\"\" src=\"https:\/\/cdn-icons-png.flaticon.com\/512\/5002\/5002581.png\" width=\"25\" height=\"25\" \/>\u00a0 info@nordluv.com (drop us a message about international shipping etc)<\/span><\/p>\n<p><img loading=\"lazy\" decoding=\"async\" class=\"\" src=\"https:\/\/cdn-icons-png.flaticon.com\/512\/953\/953831.png\" width=\"25\" height=\"25\" \/><span style=\"font-size: 12pt;\">\u00a0 +372 5886 0730 (weekdays 10-16)<\/span><\/p>\n<p><span style=\"font-size: 10pt;\"><img loading=\"lazy\" decoding=\"async\" class=\"alignnone\" src=\"https:\/\/cdn-icons-png.flaticon.com\/512\/2582\/2582558.png\" alt=\"Instagram free icon\" width=\"25\" height=\"25\" \/> \u00a0<a href=\"http:\/\/www.instagram.com\/nordluv\" target=\"_blank\" rel=\"noopener\"><span style=\"font-size: 12pt;\">Follow us <strong>on Instagram<\/strong><\/span><\/a><\/span><\/p>\n<p><img loading=\"lazy\" decoding=\"async\" class=\"\" src=\"https:\/\/cdn-icons-png.flaticon.com\/512\/1077\/1077041.png\" alt=\"Facebook free icon\" width=\"25\" height=\"25\" \/>\u00a0 <span style=\"font-size: 12pt;\"><a href=\"http:\/\/www.facebook.com\/nordluv\" target=\"_blank\" rel=\"noopener\">Follow us <strong>on Facebook<\/strong><\/a><\/span><\/p>\n\n\t\t<\/div>\n\t<\/div>\n<\/div><\/div><\/div><\/div><\/div><\/div><\/div><\/div><\/div>\n<\/div>","protected":false},"excerpt":{"rendered":"Tule oma tellimusele j\u00e4rgi Nordluv'i kontorisse (avatud eelneval kokkuleppel) Kanali tee 4, Tallinn Meie juurde saab mugavalt autoga (tasuta parkimine maja ees) ning bussiga number 2 (peatus Kanali tee v\u00f5i Kaabli). Navigeeri Waze rakendusega SIIT. P\u00fcsi meiega \u00fchenduses \u00a0 info@nordluv.com \u00a0 +372 5886 0730 (t\u00f6\u00f6p\u00e4evadel 10-16) \u00a0J\u00e4lgi meid Instagramis \u00a0 [...]","protected":false},"author":1,"featured_media":0,"parent":0,"menu_order":0,"comment_status":"closed","ping_status":"closed","template":"","meta":{"footnotes":""},"class_list":["post-15514","page","type-page","status-publish","hentry"],"_links":{"self":[{"href":"https:\/\/nordluv.com\/en\/wp-json\/wp\/v2\/pages\/15514","targetHints":{"allow":["GET"]}}],"collection":[{"href":"https:\/\/nordluv.com\/en\/wp-json\/wp\/v2\/pages"}],"about":[{"href":"https:\/\/nordluv.com\/en\/wp-json\/wp\/v2\/types\/page"}],"author":[{"embeddable":true,"href":"https:\/\/nordluv.com\/en\/wp-json\/wp\/v2\/users\/1"}],"replies":[{"embeddable":true,"href":"https:\/\/nordluv.com\/en\/wp-json\/wp\/v2\/comments?post=15514"}],"version-history":[{"count":5,"href":"https:\/\/nordluv.com\/en\/wp-json\/wp\/v2\/pages\/15514\/revisions"}],"predecessor-version":[{"id":26148,"href":"https:\/\/nordluv.com\/en\/wp-json\/wp\/v2\/pages\/15514\/revisions\/26148"}],"wp:attachment":[{"href":"https:\/\/nordluv.com\/en\/wp-json\/wp\/v2\/media?parent=15514"}],"curies":[{"name":"wp","href":"https:\/\/api.w.org\/{rel}","templated":true}]}}