{"id":3,"date":"2020-12-29T21:14:20","date_gmt":"2020-12-29T21:14:20","guid":{"rendered":"https:\/\/nordluv.com\/?page_id=3"},"modified":"2025-05-15T23:58:34","modified_gmt":"2025-05-15T20:58:34","slug":"privacy-policy","status":"publish","type":"page","link":"https:\/\/nordluv.com\/en\/privacy-policy\/","title":{"rendered":"Privacy policy"},"content":{"rendered":"<p><span style=\"font-family: 'Montserrat Alternates';\">Nordluv has set itself the goal of being a reliable partner in the processing of personal data that respects the client&#039;s rights. Based on this, we have prepared the principles of the privacy policy, which deal with the collection, use, publication, transmission and storage of customer data.<\/span><\/p>\n<h5><span style=\"font-family: 'Montserrat Alternates';\"><strong>1. General provisions<\/strong><\/span><\/h5>\n<p><span style=\"font-family: 'Montserrat Alternates';\"><strong>1.1<\/strong>. This privacy policy regulates the principles regarding the collection, processing and storage of personal data. Personal data is collected, processed and stored by the personal data controller <b>Nordluv Retail O\u00dc <\/b>(hereinafter Data Processor).<\/span><\/p>\n<p><span style=\"font-family: 'Montserrat Alternates';\"><strong>1.2<\/strong>. <strong>Data subject<\/strong> for the purposes of the privacy policy, the customer or other natural person whose personal data is processed by the Data Processor.<\/span><\/p>\n<p><span style=\"font-family: 'Montserrat Alternates';\"><strong>1.3<\/strong>. <strong>Customer<\/strong> within the meaning of the privacy policy is anyone who purchases goods or services from the website of the Data Processor.<\/span><\/p>\n<p><span style=\"font-family: 'Montserrat Alternates';\"><strong>1.4<\/strong>. The data processor complies with the principles of data processing stipulated in legislation, among other things, the data processor processes personal data legally, fairly and securely. The data processor is able to confirm that personal data has been processed in accordance with the provisions of legislation.<\/span><\/p>\n<h4><span style=\"font-family: 'Montserrat Alternates';\"><strong>2. Collection, processing and storage of personal data<\/strong><\/span><\/h4>\n<p><span style=\"font-family: 'Montserrat Alternates';\"><strong>2.1<\/strong>. The personal data that the Data Processor collects, processes and stores is collected electronically, mainly via the website and e-mail.<\/span><\/p>\n<p><span style=\"font-family: 'Montserrat Alternates';\"><strong>2.2<\/strong>. By sharing their personal data, the Data Subject gives the Data Processor the right to collect, organize, use and manage personal data for the purposes defined in the privacy policy, which the Data Subject directly or indirectly shares with the Data Processor when purchasing goods or services on the website.<\/span><\/p>\n<p><span style=\"font-family: 'Montserrat Alternates';\"><strong>2.3<\/strong>. The data subject is responsible for ensuring that the data provided by him is accurate, correct and complete. Knowingly providing false information is considered a violation of the Privacy Policy. The data subject is obliged to immediately notify the data processor of changes in the provided data.<\/span><\/p>\n<p><span style=\"font-family: 'Montserrat Alternates';\"><strong>2.4<\/strong>. The Data Processor is not responsible for the damage caused by the Data Subject providing false information to the Data Subject or third parties.<\/span><\/p>\n<h4><span style=\"font-family: 'Montserrat Alternates';\"><strong>3. Processing of personal data of customers<\/strong><\/span><\/h4>\n<p><span style=\"font-family: 'Montserrat Alternates';\"><strong>3.1<\/strong>. The Data Processor may process the following personal data of the Data Subject:<\/span><\/p>\n<p><span style=\"font-family: 'Montserrat Alternates';\"><strong>3.1.1<\/strong>. Published by the data subject to Nordluv <strong>Personal data<\/strong> (name, e-mail address, postal address, telephone number);<b><\/b><\/span><\/p>\n<p><span style=\"font-family: 'Montserrat Alternates';\"><strong>3.1.2<\/strong>. Personal data generated as a result of normal communication between the data subject and Nordluv;<\/span><\/p>\n<p><span style=\"font-family: 'Montserrat Alternates';\"><strong>3.1.3<\/strong>. Personal data clearly disclosed by the data subject (e.g. on social media);<\/span><\/p>\n<p><span style=\"font-family: 'Montserrat Alternates';\"><strong>3.1.4<\/strong>. Personal data generated when using services (e.g. when purchasing from the Nordluv e-store);<\/span><\/p>\n<p><span style=\"font-family: 'Montserrat Alternates';\"><strong>3.1.5<\/strong>. Personal data generated as a result of visiting and using the website (e.g. time spent on the website);<\/span><\/p>\n<p><span style=\"font-family: 'Montserrat Alternates';\"><strong>3.1.6<\/strong>. Personal data sent from third parties;<\/span><\/p>\n<p><span style=\"font-family: 'Montserrat Alternates';\"><strong>3.1.7<\/strong>. Personal data created and combined by Nordluv (correspondence within the customer relationship or list of order history).<\/span><\/p>\n<p><span style=\"font-family: 'Montserrat Alternates';\"><strong>3.2<\/strong>. The legal basis for the processing of personal data is Article 6(1)(a), (b), (c) and (f) of the General Regulation on the Protection of Personal Data:<\/span><\/p>\n<p><span style=\"font-family: 'Montserrat Alternates';\">a) The data subject has given his consent to process his personal data for one or more specific purposes;<\/span><\/p>\n<p><span style=\"font-family: 'Montserrat Alternates';\">b) the processing of personal data is necessary for the performance of a contract concluded with the participation of the data subject or for taking measures prior to the conclusion of the contract in accordance with the request of the data subject;<\/span><\/p>\n<p><span style=\"font-family: 'Montserrat Alternates';\">c) the processing of personal data is necessary to fulfill the legal obligation of the data controller;<\/span><\/p>\n<p><span style=\"font-family: 'Montserrat Alternates';\">f) the processing of personal data is necessary in the case of a legitimate interest of the data controller or a third party, unless such interest is outweighed by the interests of the Data Subject or the fundamental rights and freedoms for which personal data must be protected, especially if the Data Subject is a child.<\/span><\/p>\n<p><span style=\"font-family: 'Montserrat Alternates';\"><strong>3.3<\/strong>. Processing of personal data according to the purpose of processing:<\/span><\/p>\n<p><span style=\"font-family: 'Montserrat Alternates';\"><strong>3.3.1<\/strong>. Purpose of processing \u2013 security and safety<\/span><br \/>\n<span style=\"font-family: 'Montserrat Alternates';\">The maximum period of storage of personal data - according to the deadlines specified in the law<\/span><\/p>\n<p><span style=\"font-family: 'Montserrat Alternates';\"><strong>3.3.2<\/strong>. Purpose of processing - order processing<\/span><\/p>\n<p><span style=\"font-family: 'Montserrat Alternates';\"><strong>3.3.3<\/strong>. Purpose of processing \u2013 ensuring the functioning of e-shop services<\/span><\/p>\n<p><span style=\"font-family: 'Montserrat Alternates';\"><strong>3.3.4<\/strong>. Purpose of processing - customer management<\/span><\/p>\n<p><span style=\"font-family: 'Montserrat Alternates';\"><strong>3.3.5<\/strong>. Purpose of processing \u2013 financial activity, accounting<\/span><br \/>\n<span style=\"font-family: 'Montserrat Alternates';\">The maximum period of storage of personal data - according to the deadlines specified in the law<\/span><\/p>\n<p><span style=\"font-family: 'Montserrat Alternates';\"><strong>3.3.6<\/strong>. Purpose of processing - marketing<\/span><\/p>\n<p><span style=\"font-family: 'Montserrat Alternates';\">Nordluv only stores Personal Data strictly <strong>the minimum necessary time<\/strong>. Personal data whose retention period has passed will be destroyed using the best practices and in accordance with the procedure established by Nordluv for this purpose.<\/span><\/p>\n<p><span style=\"font-family: 'Montserrat Alternates';\"><strong>3.4<\/strong>The data processor has the right to share customers&#039; personal data with third parties, such as authorized data processors, accountants, transport and courier companies, companies providing transfer services. The data processor is the controller of personal data. The data processor forwards the personal data necessary for making payments to the authorized processor (Montonio, STRIPE).<\/span><\/p>\n<p><span style=\"font-family: 'Montserrat Alternates';\"><strong>3.5<\/strong>. When processing and storing the personal data of the data subject, the Data Processor implements organizational and technical measures that ensure the protection of personal data against accidental or illegal destruction, modification, disclosure and any other illegal processing.<\/span><\/p>\n<p><span style=\"font-family: 'Montserrat Alternates';\"><strong>3.6<\/strong>. The Data Processor stores Data Subjects&#039; data depending on the purpose of the processing, but no longer than <b>absolutely necessary.<\/b><\/span><\/p>\n<h4><span style=\"font-family: 'Montserrat Alternates';\"><strong>4. Rights of the data subject<\/strong><\/span><\/h4>\n<p><span style=\"font-family: 'Montserrat Alternates';\"><strong>4.1<\/strong>. The data subject has the right to get access to his personal data and to consult them.<\/span><\/p>\n<p><span style=\"font-family: 'Montserrat Alternates';\"><strong>4.2<\/strong>. The data subject has the right to receive information about the processing of his personal data.<\/span><\/p>\n<p><span style=\"font-family: 'Montserrat Alternates';\"><strong>4.3<\/strong>. The data subject has the right to supplement or correct inaccurate data.<\/span><\/p>\n<p><span style=\"font-family: 'Montserrat Alternates';\"><strong>4.4<\/strong>. If the data processor processes the Data Subject&#039;s personal data on the basis of the Data Subject&#039;s consent, the Data Subject has the right to withdraw the consent at any time.<\/span><\/p>\n<p><span style=\"font-family: 'Montserrat Alternates';\"><strong>4.5<\/strong>. To exercise the rights, the data subject can contact the customer support of the e-shop at <b>info@nordluv.com (drop us a message about international shipping etc)<\/b><\/span><\/p>\n<p><span style=\"font-family: 'Montserrat Alternates';\"><strong>4.6<\/strong>. The data subject can file a complaint with the Data Protection Inspectorate to protect his rights.<\/span><\/p>\n<h4><span style=\"font-family: 'Montserrat Alternates';\"><strong>5. Final Provisions<\/strong><\/span><\/h4>\n<p><span style=\"font-family: 'Montserrat Alternates';\"><strong>5.1<\/strong>. These data protection conditions have been drawn up in accordance with Regulation (EU) No. 2016\/679 of the European Parliament and of the Council on the protection of natural persons in the processing of personal data and the free movement of such data and on the repeal of Directive 95\/46 \/ EC \/ EC (General Regulation on the Protection of Personal Data), Personal Data Protection of the Republic of Estonia law and legislation of the Republic of Estonia and the European Union.<\/span><\/p>\n<p><span style=\"font-family: 'Montserrat Alternates';\"><strong>5.2<\/strong>. The data processor has the right to partially or completely change the data protection conditions by notifying the Data Subjects of the changes on the website <a href=\"https:\/\/nordluv.com\/en\/\"><strong>www.nordluv.com <\/strong><\/a>through. We assume that when you start using the Nordluv website, you have read and accepted the privacy terms.<\/span><\/p>","protected":false},"excerpt":{"rendered":"<p>Nordluv on v\u00f5tnud endale eesm\u00e4rgiks olla isikuandmete t\u00f6\u00f6tlemisel usaldusv\u00e4\u00e4rseks ja kliendi \u00f5igusi austavaks partneriks. Sellest l\u00e4htuvalt oleme koostanud privaatsuspoliitika p\u00f5him\u00f5tted, mis k\u00e4sitlevad kliendi andmete kogumist, kasutamist, avaldamist, edastamist ja talletamist. 1. \u00dclds\u00e4tted 1.1. K\u00e4esolev privaatsuspoliitika reguleerib isikuandmete kogumist, t\u00f6\u00f6tlemist ja s\u00e4ilitamist k\u00e4sitlevaid p\u00f5him\u00f5tteid. Isikuandmeid kogub t\u00f6\u00f6tleb ja s\u00e4ilitab isikuandmete vastutav [&hellip;]<\/p>\n","protected":false},"author":1,"featured_media":0,"parent":0,"menu_order":0,"comment_status":"closed","ping_status":"open","template":"","meta":{"footnotes":""},"class_list":["post-3","page","type-page","status-publish","hentry"],"_links":{"self":[{"href":"https:\/\/nordluv.com\/en\/wp-json\/wp\/v2\/pages\/3","targetHints":{"allow":["GET"]}}],"collection":[{"href":"https:\/\/nordluv.com\/en\/wp-json\/wp\/v2\/pages"}],"about":[{"href":"https:\/\/nordluv.com\/en\/wp-json\/wp\/v2\/types\/page"}],"author":[{"embeddable":true,"href":"https:\/\/nordluv.com\/en\/wp-json\/wp\/v2\/users\/1"}],"replies":[{"embeddable":true,"href":"https:\/\/nordluv.com\/en\/wp-json\/wp\/v2\/comments?post=3"}],"version-history":[{"count":5,"href":"https:\/\/nordluv.com\/en\/wp-json\/wp\/v2\/pages\/3\/revisions"}],"predecessor-version":[{"id":29640,"href":"https:\/\/nordluv.com\/en\/wp-json\/wp\/v2\/pages\/3\/revisions\/29640"}],"wp:attachment":[{"href":"https:\/\/nordluv.com\/en\/wp-json\/wp\/v2\/media?parent=3"}],"curies":[{"name":"wp","href":"https:\/\/api.w.org\/{rel}","templated":true}]}}